{"id":176,"date":"2015-06-09T12:38:50","date_gmt":"2015-06-09T11:38:50","guid":{"rendered":"https:\/\/www.www.van-merksteijn.com\/certificaten\/?lang=de"},"modified":"2015-07-30T08:51:31","modified_gmt":"2015-07-30T07:51:31","slug":"zertifikate","status":"publish","type":"page","link":"https:\/\/www.van-merksteijn.com\/de\/zertifikate\/","title":{"rendered":"Zertifikate"},"content":{"rendered":"<p>Bei Van Merksteijn International ist die Qualit\u00e4t enorm wichtig und wir besch\u00e4ftigen uns t\u00e4glich mit der der Pr\u00fcfung unserer Produkte im Hinblick auf die Qualit\u00e4tsanforderungen, die wir erf\u00fcllen m\u00fcssen. Wir sind folglich stolz darauf, Ihnen diese Zertifikate pr\u00e4sentieren zu k\u00f6nnen. Falls Sie hier\u00fcber noch Fragen haben, k\u00f6nnen Sie selbstverst\u00e4ndlich Kontakt mit uns aufnehmen, und zwar per E-Mail an\u00a0<a href=\"mailto:info@van-merksteijn.com\">info@van-merksteijn.com<\/a><\/p>\n","protected":false},"excerpt":{"rendered":"<p>Bei Van Merksteijn International ist die Qualit\u00e4t enorm wichtig und wir besch\u00e4ftigen uns t\u00e4glich mit der der Pr\u00fcfung unserer Produkte im Hinblick auf die Qualit\u00e4tsanforderungen, die wir erf\u00fcllen m\u00fcssen. Wir sind folglich stolz darauf, Ihnen diese Zertifikate pr\u00e4sentieren zu k\u00f6nnen. Falls Sie hier\u00fcber noch Fragen haben, k\u00f6nnen Sie selbstverst\u00e4ndlich Kontakt mit uns aufnehmen, und zwar [&hellip;]<\/p>\n","protected":false},"author":1,"featured_media":0,"parent":0,"menu_order":26,"comment_status":"open","ping_status":"open","template":"page-certificaten.php","meta":{"_acf_changed":false,"footnotes":""},"class_list":["post-176","page","type-page","status-publish","hentry"],"acf":[],"yoast_head":"<!-- This site is optimized with the Yoast SEO plugin v27.5 - https:\/\/yoast.com\/product\/yoast-seo-wordpress\/ -->\n<title>Zertifikate - Van Merksteijn International<\/title>\n<meta name=\"robots\" content=\"index, follow, max-snippet:-1, max-image-preview:large, max-video-preview:-1\" \/>\n<link rel=\"canonical\" href=\"https:\/\/www.van-merksteijn.com\/de\/zertifikate\/\" \/>\n<meta property=\"og:locale\" content=\"de_DE\" \/>\n<meta property=\"og:type\" content=\"article\" \/>\n<meta property=\"og:title\" content=\"Zertifikate - Van Merksteijn International\" \/>\n<meta property=\"og:description\" content=\"Bei Van Merksteijn International ist die Qualit\u00e4t enorm wichtig und wir besch\u00e4ftigen uns t\u00e4glich mit der der Pr\u00fcfung unserer Produkte im Hinblick auf die Qualit\u00e4tsanforderungen, die wir erf\u00fcllen m\u00fcssen. Wir sind folglich stolz darauf, Ihnen diese Zertifikate pr\u00e4sentieren zu k\u00f6nnen. Falls Sie hier\u00fcber noch Fragen haben, k\u00f6nnen Sie selbstverst\u00e4ndlich Kontakt mit uns aufnehmen, und zwar [&hellip;]\" \/>\n<meta property=\"og:url\" content=\"https:\/\/www.van-merksteijn.com\/de\/zertifikate\/\" \/>\n<meta property=\"og:site_name\" content=\"Van Merksteijn International\" \/>\n<meta property=\"article:modified_time\" content=\"2015-07-30T07:51:31+00:00\" \/>\n<meta name=\"twitter:card\" content=\"summary_large_image\" \/>\n<script type=\"application\/ld+json\" class=\"yoast-schema-graph\">{\"@context\":\"https:\\\/\\\/schema.org\",\"@graph\":[{\"@type\":\"WebPage\",\"@id\":\"https:\\\/\\\/www.van-merksteijn.com\\\/de\\\/zertifikate\\\/\",\"url\":\"https:\\\/\\\/www.van-merksteijn.com\\\/de\\\/zertifikate\\\/\",\"name\":\"Zertifikate - Van Merksteijn International\",\"isPartOf\":{\"@id\":\"https:\\\/\\\/www.van-merksteijn.com\\\/#website\"},\"datePublished\":\"2015-06-09T11:38:50+00:00\",\"dateModified\":\"2015-07-30T07:51:31+00:00\",\"breadcrumb\":{\"@id\":\"https:\\\/\\\/www.van-merksteijn.com\\\/de\\\/zertifikate\\\/#breadcrumb\"},\"inLanguage\":\"de\",\"potentialAction\":[{\"@type\":\"ReadAction\",\"target\":[\"https:\\\/\\\/www.van-merksteijn.com\\\/de\\\/zertifikate\\\/\"]}]},{\"@type\":\"BreadcrumbList\",\"@id\":\"https:\\\/\\\/www.van-merksteijn.com\\\/de\\\/zertifikate\\\/#breadcrumb\",\"itemListElement\":[{\"@type\":\"ListItem\",\"position\":1,\"name\":\"Home\",\"item\":\"https:\\\/\\\/www.van-merksteijn.com\\\/de\\\/\"},{\"@type\":\"ListItem\",\"position\":2,\"name\":\"Zertifikate\"}]},{\"@type\":\"WebSite\",\"@id\":\"https:\\\/\\\/www.van-merksteijn.com\\\/#website\",\"url\":\"https:\\\/\\\/www.van-merksteijn.com\\\/\",\"name\":\"Van Merksteijn International\",\"description\":\"\",\"potentialAction\":[{\"@type\":\"SearchAction\",\"target\":{\"@type\":\"EntryPoint\",\"urlTemplate\":\"https:\\\/\\\/www.van-merksteijn.com\\\/?s={search_term_string}\"},\"query-input\":{\"@type\":\"PropertyValueSpecification\",\"valueRequired\":true,\"valueName\":\"search_term_string\"}}],\"inLanguage\":\"de\"}]}<\/script>\n<!-- \/ Yoast SEO plugin. -->","yoast_head_json":{"title":"Zertifikate - Van Merksteijn International","robots":{"index":"index","follow":"follow","max-snippet":"max-snippet:-1","max-image-preview":"max-image-preview:large","max-video-preview":"max-video-preview:-1"},"canonical":"https:\/\/www.van-merksteijn.com\/de\/zertifikate\/","og_locale":"de_DE","og_type":"article","og_title":"Zertifikate - Van Merksteijn International","og_description":"Bei Van Merksteijn International ist die Qualit\u00e4t enorm wichtig und wir besch\u00e4ftigen uns t\u00e4glich mit der der Pr\u00fcfung unserer Produkte im Hinblick auf die Qualit\u00e4tsanforderungen, die wir erf\u00fcllen m\u00fcssen. Wir sind folglich stolz darauf, Ihnen diese Zertifikate pr\u00e4sentieren zu k\u00f6nnen. Falls Sie hier\u00fcber noch Fragen haben, k\u00f6nnen Sie selbstverst\u00e4ndlich Kontakt mit uns aufnehmen, und zwar [&hellip;]","og_url":"https:\/\/www.van-merksteijn.com\/de\/zertifikate\/","og_site_name":"Van Merksteijn International","article_modified_time":"2015-07-30T07:51:31+00:00","twitter_card":"summary_large_image","schema":{"@context":"https:\/\/schema.org","@graph":[{"@type":"WebPage","@id":"https:\/\/www.van-merksteijn.com\/de\/zertifikate\/","url":"https:\/\/www.van-merksteijn.com\/de\/zertifikate\/","name":"Zertifikate - Van Merksteijn International","isPartOf":{"@id":"https:\/\/www.van-merksteijn.com\/#website"},"datePublished":"2015-06-09T11:38:50+00:00","dateModified":"2015-07-30T07:51:31+00:00","breadcrumb":{"@id":"https:\/\/www.van-merksteijn.com\/de\/zertifikate\/#breadcrumb"},"inLanguage":"de","potentialAction":[{"@type":"ReadAction","target":["https:\/\/www.van-merksteijn.com\/de\/zertifikate\/"]}]},{"@type":"BreadcrumbList","@id":"https:\/\/www.van-merksteijn.com\/de\/zertifikate\/#breadcrumb","itemListElement":[{"@type":"ListItem","position":1,"name":"Home","item":"https:\/\/www.van-merksteijn.com\/de\/"},{"@type":"ListItem","position":2,"name":"Zertifikate"}]},{"@type":"WebSite","@id":"https:\/\/www.van-merksteijn.com\/#website","url":"https:\/\/www.van-merksteijn.com\/","name":"Van Merksteijn International","description":"","potentialAction":[{"@type":"SearchAction","target":{"@type":"EntryPoint","urlTemplate":"https:\/\/www.van-merksteijn.com\/?s={search_term_string}"},"query-input":{"@type":"PropertyValueSpecification","valueRequired":true,"valueName":"search_term_string"}}],"inLanguage":"de"}]}},"_links":{"self":[{"href":"https:\/\/www.van-merksteijn.com\/de\/wp-json\/wp\/v2\/pages\/176","targetHints":{"allow":["GET"]}}],"collection":[{"href":"https:\/\/www.van-merksteijn.com\/de\/wp-json\/wp\/v2\/pages"}],"about":[{"href":"https:\/\/www.van-merksteijn.com\/de\/wp-json\/wp\/v2\/types\/page"}],"author":[{"embeddable":true,"href":"https:\/\/www.van-merksteijn.com\/de\/wp-json\/wp\/v2\/users\/1"}],"replies":[{"embeddable":true,"href":"https:\/\/www.van-merksteijn.com\/de\/wp-json\/wp\/v2\/comments?post=176"}],"version-history":[{"count":0,"href":"https:\/\/www.van-merksteijn.com\/de\/wp-json\/wp\/v2\/pages\/176\/revisions"}],"wp:attachment":[{"href":"https:\/\/www.van-merksteijn.com\/de\/wp-json\/wp\/v2\/media?parent=176"}],"curies":[{"name":"wp","href":"https:\/\/api.w.org\/{rel}","templated":true}]}}