{"id":5139,"date":"2023-09-26T11:33:16","date_gmt":"2023-09-26T09:33:16","guid":{"rendered":"https:\/\/www.van-merksteijn.com\/?page_id=5139"},"modified":"2023-09-26T11:41:47","modified_gmt":"2023-09-26T09:41:47","slug":"nachhaltiges-unternehmertum","status":"publish","type":"page","link":"https:\/\/www.van-merksteijn.com\/de\/uber-uns\/nachhaltiges-unternehmertum\/","title":{"rendered":"Nachhaltiges Unternehmertum"},"content":{"rendered":"<p>Van Merksteijn International ist einer der weltweit f\u00fchrenden Hersteller von Bewehrungsprodukten und Zaunsystemen. Die Qualit\u00e4t unserer Prozesse, und damit auch unserer Produkte, steht f\u00fcr uns an oberster Stelle. Dasselbe gilt f\u00fcr Arbeitsbedingungen und die damit verbundenen Umweltauswirkungen.<\/p>\n<p>Wir sind fest entschlossen, den Bed\u00fcrfnissen von heute gerecht zu werden, ohne die Bed\u00fcrfnisse k\u00fcnftiger Generationen zu gef\u00e4hrden. Dementsprechend beziehen unsere Standorte in Almelo und Dendermonde ausschlie\u00dflich \u00d6kostrom.<\/p>\n<p>In einer sich st\u00e4ndig wandelnden Welt, die immer ambitioniertere Klimaziele setzt, werden wir in Zukunft noch mehr Wert auf Nachhaltigkeit legen. Dies umfasst Ma\u00dfnahmen wie die Elektrifizierung unseres internen Transports (Gabelstapler, Hubarbeitsb\u00fchnen usw.), die Motivation unserer Transportpartner zu saubereren Motorenl\u00f6sungen und die Minimierung des fossilen Brennstoffverbrauchs pro Produkt.<\/p>\n<p>Schlie\u00dflich ist unser Ziel, unseren Planeten sauberer zu hinterlassen, als wir ihn vorgefunden haben. Auf dieser Seite finden Sie weitere relevante Informationen zu diesem Thema, etwa eine Kopie unserer Nachhaltigkeitsrichtlinien sowie eine \u00dcbersicht unserer Stakeholder.<\/p>\n","protected":false},"excerpt":{"rendered":"<p>Van Merksteijn International ist einer der weltweit f\u00fchrenden Hersteller von Bewehrungsprodukten und Zaunsystemen. Die Qualit\u00e4t unserer Prozesse, und damit auch unserer Produkte, steht f\u00fcr uns an oberster Stelle. Dasselbe gilt f\u00fcr Arbeitsbedingungen und die damit verbundenen Umweltauswirkungen. Wir sind fest entschlossen, den Bed\u00fcrfnissen von heute gerecht zu werden, ohne die Bed\u00fcrfnisse k\u00fcnftiger Generationen zu gef\u00e4hrden. [&hellip;]<\/p>\n","protected":false},"author":10,"featured_media":0,"parent":169,"menu_order":13,"comment_status":"closed","ping_status":"closed","template":"page-downloads-nobread.php","meta":{"_acf_changed":false,"footnotes":""},"class_list":["post-5139","page","type-page","status-publish","hentry"],"acf":[],"yoast_head":"<!-- This site is optimized with the Yoast SEO plugin v27.5 - https:\/\/yoast.com\/product\/yoast-seo-wordpress\/ -->\n<title>Nachhaltiges Unternehmertum - Van Merksteijn International<\/title>\n<meta name=\"robots\" content=\"index, follow, max-snippet:-1, max-image-preview:large, max-video-preview:-1\" \/>\n<link rel=\"canonical\" href=\"https:\/\/www.van-merksteijn.com\/de\/uber-uns\/nachhaltiges-unternehmertum\/\" \/>\n<meta property=\"og:locale\" content=\"de_DE\" \/>\n<meta property=\"og:type\" content=\"article\" \/>\n<meta property=\"og:title\" content=\"Nachhaltiges Unternehmertum - Van Merksteijn International\" \/>\n<meta property=\"og:description\" content=\"Van Merksteijn International ist einer der weltweit f\u00fchrenden Hersteller von Bewehrungsprodukten und Zaunsystemen. Die Qualit\u00e4t unserer Prozesse, und damit auch unserer Produkte, steht f\u00fcr uns an oberster Stelle. Dasselbe gilt f\u00fcr Arbeitsbedingungen und die damit verbundenen Umweltauswirkungen. Wir sind fest entschlossen, den Bed\u00fcrfnissen von heute gerecht zu werden, ohne die Bed\u00fcrfnisse k\u00fcnftiger Generationen zu gef\u00e4hrden. [&hellip;]\" \/>\n<meta property=\"og:url\" content=\"https:\/\/www.van-merksteijn.com\/de\/uber-uns\/nachhaltiges-unternehmertum\/\" \/>\n<meta property=\"og:site_name\" content=\"Van Merksteijn International\" \/>\n<meta property=\"article:modified_time\" content=\"2023-09-26T09:41:47+00:00\" \/>\n<meta name=\"twitter:card\" content=\"summary_large_image\" \/>\n<meta name=\"twitter:label1\" content=\"Gesch\u00e4tzte Lesezeit\" \/>\n\t<meta name=\"twitter:data1\" content=\"1\u00a0Minute\" \/>\n<script type=\"application\/ld+json\" class=\"yoast-schema-graph\">{\"@context\":\"https:\\\/\\\/schema.org\",\"@graph\":[{\"@type\":\"WebPage\",\"@id\":\"https:\\\/\\\/www.van-merksteijn.com\\\/de\\\/uber-uns\\\/nachhaltiges-unternehmertum\\\/\",\"url\":\"https:\\\/\\\/www.van-merksteijn.com\\\/de\\\/uber-uns\\\/nachhaltiges-unternehmertum\\\/\",\"name\":\"Nachhaltiges Unternehmertum - Van Merksteijn International\",\"isPartOf\":{\"@id\":\"https:\\\/\\\/www.van-merksteijn.com\\\/#website\"},\"datePublished\":\"2023-09-26T09:33:16+00:00\",\"dateModified\":\"2023-09-26T09:41:47+00:00\",\"breadcrumb\":{\"@id\":\"https:\\\/\\\/www.van-merksteijn.com\\\/de\\\/uber-uns\\\/nachhaltiges-unternehmertum\\\/#breadcrumb\"},\"inLanguage\":\"de\",\"potentialAction\":[{\"@type\":\"ReadAction\",\"target\":[\"https:\\\/\\\/www.van-merksteijn.com\\\/de\\\/uber-uns\\\/nachhaltiges-unternehmertum\\\/\"]}]},{\"@type\":\"BreadcrumbList\",\"@id\":\"https:\\\/\\\/www.van-merksteijn.com\\\/de\\\/uber-uns\\\/nachhaltiges-unternehmertum\\\/#breadcrumb\",\"itemListElement\":[{\"@type\":\"ListItem\",\"position\":1,\"name\":\"Home\",\"item\":\"https:\\\/\\\/www.van-merksteijn.com\\\/de\\\/\"},{\"@type\":\"ListItem\",\"position\":2,\"name\":\"\u00dcber uns\",\"item\":\"https:\\\/\\\/www.van-merksteijn.com\\\/de\\\/uber-uns\\\/\"},{\"@type\":\"ListItem\",\"position\":3,\"name\":\"Nachhaltiges Unternehmertum\"}]},{\"@type\":\"WebSite\",\"@id\":\"https:\\\/\\\/www.van-merksteijn.com\\\/#website\",\"url\":\"https:\\\/\\\/www.van-merksteijn.com\\\/\",\"name\":\"Van Merksteijn International\",\"description\":\"\",\"potentialAction\":[{\"@type\":\"SearchAction\",\"target\":{\"@type\":\"EntryPoint\",\"urlTemplate\":\"https:\\\/\\\/www.van-merksteijn.com\\\/?s={search_term_string}\"},\"query-input\":{\"@type\":\"PropertyValueSpecification\",\"valueRequired\":true,\"valueName\":\"search_term_string\"}}],\"inLanguage\":\"de\"}]}<\/script>\n<!-- \/ Yoast SEO plugin. -->","yoast_head_json":{"title":"Nachhaltiges Unternehmertum - Van Merksteijn International","robots":{"index":"index","follow":"follow","max-snippet":"max-snippet:-1","max-image-preview":"max-image-preview:large","max-video-preview":"max-video-preview:-1"},"canonical":"https:\/\/www.van-merksteijn.com\/de\/uber-uns\/nachhaltiges-unternehmertum\/","og_locale":"de_DE","og_type":"article","og_title":"Nachhaltiges Unternehmertum - Van Merksteijn International","og_description":"Van Merksteijn International ist einer der weltweit f\u00fchrenden Hersteller von Bewehrungsprodukten und Zaunsystemen. Die Qualit\u00e4t unserer Prozesse, und damit auch unserer Produkte, steht f\u00fcr uns an oberster Stelle. Dasselbe gilt f\u00fcr Arbeitsbedingungen und die damit verbundenen Umweltauswirkungen. Wir sind fest entschlossen, den Bed\u00fcrfnissen von heute gerecht zu werden, ohne die Bed\u00fcrfnisse k\u00fcnftiger Generationen zu gef\u00e4hrden. [&hellip;]","og_url":"https:\/\/www.van-merksteijn.com\/de\/uber-uns\/nachhaltiges-unternehmertum\/","og_site_name":"Van Merksteijn International","article_modified_time":"2023-09-26T09:41:47+00:00","twitter_card":"summary_large_image","twitter_misc":{"Gesch\u00e4tzte Lesezeit":"1\u00a0Minute"},"schema":{"@context":"https:\/\/schema.org","@graph":[{"@type":"WebPage","@id":"https:\/\/www.van-merksteijn.com\/de\/uber-uns\/nachhaltiges-unternehmertum\/","url":"https:\/\/www.van-merksteijn.com\/de\/uber-uns\/nachhaltiges-unternehmertum\/","name":"Nachhaltiges Unternehmertum - Van Merksteijn International","isPartOf":{"@id":"https:\/\/www.van-merksteijn.com\/#website"},"datePublished":"2023-09-26T09:33:16+00:00","dateModified":"2023-09-26T09:41:47+00:00","breadcrumb":{"@id":"https:\/\/www.van-merksteijn.com\/de\/uber-uns\/nachhaltiges-unternehmertum\/#breadcrumb"},"inLanguage":"de","potentialAction":[{"@type":"ReadAction","target":["https:\/\/www.van-merksteijn.com\/de\/uber-uns\/nachhaltiges-unternehmertum\/"]}]},{"@type":"BreadcrumbList","@id":"https:\/\/www.van-merksteijn.com\/de\/uber-uns\/nachhaltiges-unternehmertum\/#breadcrumb","itemListElement":[{"@type":"ListItem","position":1,"name":"Home","item":"https:\/\/www.van-merksteijn.com\/de\/"},{"@type":"ListItem","position":2,"name":"\u00dcber uns","item":"https:\/\/www.van-merksteijn.com\/de\/uber-uns\/"},{"@type":"ListItem","position":3,"name":"Nachhaltiges Unternehmertum"}]},{"@type":"WebSite","@id":"https:\/\/www.van-merksteijn.com\/#website","url":"https:\/\/www.van-merksteijn.com\/","name":"Van Merksteijn International","description":"","potentialAction":[{"@type":"SearchAction","target":{"@type":"EntryPoint","urlTemplate":"https:\/\/www.van-merksteijn.com\/?s={search_term_string}"},"query-input":{"@type":"PropertyValueSpecification","valueRequired":true,"valueName":"search_term_string"}}],"inLanguage":"de"}]}},"_links":{"self":[{"href":"https:\/\/www.van-merksteijn.com\/de\/wp-json\/wp\/v2\/pages\/5139","targetHints":{"allow":["GET"]}}],"collection":[{"href":"https:\/\/www.van-merksteijn.com\/de\/wp-json\/wp\/v2\/pages"}],"about":[{"href":"https:\/\/www.van-merksteijn.com\/de\/wp-json\/wp\/v2\/types\/page"}],"author":[{"embeddable":true,"href":"https:\/\/www.van-merksteijn.com\/de\/wp-json\/wp\/v2\/users\/10"}],"replies":[{"embeddable":true,"href":"https:\/\/www.van-merksteijn.com\/de\/wp-json\/wp\/v2\/comments?post=5139"}],"version-history":[{"count":0,"href":"https:\/\/www.van-merksteijn.com\/de\/wp-json\/wp\/v2\/pages\/5139\/revisions"}],"up":[{"embeddable":true,"href":"https:\/\/www.van-merksteijn.com\/de\/wp-json\/wp\/v2\/pages\/169"}],"wp:attachment":[{"href":"https:\/\/www.van-merksteijn.com\/de\/wp-json\/wp\/v2\/media?parent=5139"}],"curies":[{"name":"wp","href":"https:\/\/api.w.org\/{rel}","templated":true}]}}